{"id":975,"date":"2023-06-07T01:32:40","date_gmt":"2023-06-07T00:32:40","guid":{"rendered":"https:\/\/thevoice.wordifysites.com\/?page_id=150"},"modified":"2024-04-12T20:39:40","modified_gmt":"2024-04-12T18:39:40","slug":"who-we-are","status":"publish","type":"page","link":"https:\/\/chatbct.blog\/index.php\/who-we-are\/","title":{"rendered":"Quienes Somos"},"content":{"rendered":"<section class=\"gb-container gb-container-ddc93cf8\">\n<div class=\"gb-container gb-container-7160d0d5\">\n\n<figure class=\"gb-block-image gb-block-image-7736816c\"><img loading=\"lazy\" decoding=\"async\" width=\"640\" height=\"960\" class=\"gb-image gb-image-7736816c\" src=\"http:\/\/chatbct.blog\/wp-content\/uploads\/2023\/06\/annie-spratt-MChSQHxGZrQ-unsplash.jpg\" alt=\"\" title=\"annie-spratt-MChSQHxGZrQ-unsplash\" srcset=\"https:\/\/chatbct.blog\/wp-content\/uploads\/2023\/06\/annie-spratt-MChSQHxGZrQ-unsplash.jpg 640w, https:\/\/chatbct.blog\/wp-content\/uploads\/2023\/06\/annie-spratt-MChSQHxGZrQ-unsplash-200x300.jpg 200w\" sizes=\"(max-width: 640px) 100vw, 640px\" \/><\/figure>\n\n\n\n<h2 class=\"gb-headline gb-headline-40a84bc8 gb-headline-text\">Quienes Somos<\/h2>\n\n\n\n<p class=\"gb-headline gb-headline-c7f5bdab gb-headline-text\">Somos la divisi\u00f3n de IA de Apoyo.pro VLHC, una consultor\u00eda especializada en Inteligencia Artificial Generativa, ofreciendo soluciones innovadoras para impulsar tu negocio.<\/p>\n\n<\/div>\n\n<div class=\"gb-container gb-container-7584a3d5\">\n\n<div class=\"wp-block-group is-nowrap is-layout-flex wp-container-core-group-is-layout-1 wp-block-group-is-layout-flex\">\n<h2 class=\"gb-headline gb-headline-67138005 gb-headline-text\">Servicios<\/h2>\n<\/div>\n\n\n\n<p class=\"gb-headline gb-headline-3d5e2c3c gb-headline-text\">Impartimos talleres para el uso de ChatGPT, una poderosa herramienta de inteligencia artificial generativa que puede transformar la forma en que interact\u00faas con tus clientes.<\/p>\n\n\n\n<p class=\"gb-headline gb-headline-6c49c373 gb-headline-text\">Creamos canales digitales en plataformas como Facebook, Instagram y sitios web, para que tus clientes y potenciales clientes puedan realizar consultas y solicitar nuevos servicios de manera r\u00e1pida y sencilla.<\/p>\n\n\n\n<p>Tu soluci\u00f3n para la Planeaci\u00f3n Estrat\u00e9gica Financiera: Asistimos con pasi\u00f3n a nuestros clientes, en la utilizaci\u00f3n de Inteligencia Artificial, Inteligencia de Negocios y Tecnolog\u00edas de Conversaci\u00f3n para la formulaci\u00f3n de Contabilidad basada en Blockchain y Planes Financieros Estrat\u00e9gicos.<\/p>\n\n\n\n<p>Implementaci\u00f3n de IA: Implementamos Inteligencia Artificial con inteligencia de negocios para generar informes financieros y an\u00e1lisis de datos.<\/p>\n\n\n\n<p>Plataforma de Contabilidad: Desarrollamos plataformas de contabilidad basadas en blockchain para el registro seguro y transparente de transacciones financieras.<\/p>\n\n\n\n<p>Creamos Aplicaciones Ingeniosas para hacer la gesti\u00f3n de los negocios m\u00e1s simple y fruct\u00edfera, enfocadas en la planeaci\u00f3n estrat\u00e9gica y la informaci\u00f3n financiera \u00fatil.<\/p>\n\n\n\n<p>Generamos sistem\u00e1tica y hol\u00edsticamente del presupuesto corporativo: Por producto, unidades empresariales, l\u00edneas y actividades.<\/p>\n\n\n\n<p>Transformamos tu empresa: Descubriendo c\u00f3mo la IA generativa puede mejorar tus operaciones y potenciar la innovaci\u00f3n.<\/p>\n\n\n\n<p class=\"gb-headline gb-headline-07b1fc47 gb-headline-text\">Creamos agentes virtuales para la documentaci\u00f3n de sistemas, brindando una forma eficiente y precisa de capturar informaci\u00f3n importante.<\/p>\n\n<\/div>\n<\/section>","protected":false},"excerpt":{"rendered":"<div class='heateorSssClear'><\/div><div  class='heateor_sss_sharing_container heateor_sss_horizontal_sharing' data-heateor-sss-href='https:\/\/chatbct.blog\/index.php\/who-we-are\/'><div class='heateor_sss_sharing_title' style=\"font-weight:bold\" >Comparte en tus redes sociales:<\/div><div class=\"heateor_sss_sharing_ul\"><a aria-label=\"Facebook\" class=\"heateor_sss_facebook\" href=\"https:\/\/www.facebook.com\/sharer\/sharer.php?u=https%3A%2F%2Fchatbct.blog%2Findex.php%2Fwho-we-are%2F\" title=\"Facebook\" rel=\"nofollow noopener\" target=\"_blank\" style=\"font-size:32px!important;box-shadow:none;display:inline-block;vertical-align:middle\"><span class=\"heateor_sss_svg\" style=\"background-color:#0765FE;width:35px;height:35px;border-radius:999px;display:inline-block;opacity:1;float:left;font-size:32px;box-shadow:none;display:inline-block;font-size:16px;padding:0 4px;vertical-align:middle;background-repeat:repeat;overflow:hidden;padding:0;cursor:pointer;box-sizing:content-box\"><svg style=\"display:block;border-radius:999px;\" focusable=\"false\" aria-hidden=\"true\" xmlns=\"http:\/\/www.w3.org\/2000\/svg\" width=\"100%\" height=\"100%\" viewBox=\"0 0 32 32\"><path fill=\"#fff\" d=\"M28 16c0-6.627-5.373-12-12-12S4 9.373 4 16c0 5.628 3.875 10.35 9.101 11.647v-7.98h-2.474V16H13.1v-1.58c0-4.085 1.849-5.978 5.859-5.978.76 0 2.072.15 2.608.298v3.325c-.283-.03-.775-.045-1.386-.045-1.967 0-2.728.745-2.728 2.683V16h3.92l-.673 3.667h-3.247v8.245C23.395 27.195 28 22.135 28 16Z\"><\/path><\/svg><\/span><span class=\"heateor_sss_square_count heateor_sss_facebook_count\">&nbsp;<\/span><\/a><a aria-label=\"X\" class=\"heateor_sss_button_x\" href=\"https:\/\/twitter.com\/intent\/tweet?text=Quienes%20Somos&url=https%3A%2F%2Fchatbct.blog%2Findex.php%2Fwho-we-are%2F\" title=\"X\" rel=\"nofollow noopener\" target=\"_blank\" style=\"font-size:32px!important;box-shadow:none;display:inline-block;vertical-align:middle\"><span class=\"heateor_sss_svg heateor_sss_s__default heateor_sss_s_x\" style=\"background-color:#2a2a2a;width:35px;height:35px;border-radius:999px;display:inline-block;opacity:1;float:left;font-size:32px;box-shadow:none;display:inline-block;font-size:16px;padding:0 4px;vertical-align:middle;background-repeat:repeat;overflow:hidden;padding:0;cursor:pointer;box-sizing:content-box\"><svg width=\"100%\" height=\"100%\" style=\"display:block;border-radius:999px;\" focusable=\"false\" aria-hidden=\"true\" xmlns=\"http:\/\/www.w3.org\/2000\/svg\" viewBox=\"0 0 32 32\"><path fill=\"#fff\" d=\"M21.751 7h3.067l-6.7 7.658L26 25.078h-6.172l-4.833-6.32-5.531 6.32h-3.07l7.167-8.19L6 7h6.328l4.37 5.777L21.75 7Zm-1.076 16.242h1.7L11.404 8.74H9.58l11.094 14.503Z\"><\/path><\/svg><\/span><span class=\"heateor_sss_square_count heateor_sss_X_count\">&nbsp;<\/span><\/a><a aria-label=\"Instagram\" class=\"heateor_sss_button_instagram\" href=\"https:\/\/www.instagram.com\/chatbct.pro\" title=\"Instagram\" rel=\"nofollow noopener\" target=\"_blank\" style=\"font-size:32px!important;box-shadow:none;display:inline-block;vertical-align:middle\"><span class=\"heateor_sss_svg\" style=\"background-color:#53beee;width:35px;height:35px;border-radius:999px;display:inline-block;opacity:1;float:left;font-size:32px;box-shadow:none;display:inline-block;font-size:16px;padding:0 4px;vertical-align:middle;background-repeat:repeat;overflow:hidden;padding:0;cursor:pointer;box-sizing:content-box\"><svg style=\"display:block;border-radius:999px;\" version=\"1.1\" viewBox=\"-10 -10 148 148\" width=\"100%\" height=\"100%\" xml:space=\"preserve\" xmlns=\"http:\/\/www.w3.org\/2000\/svg\" xmlns:xlink=\"http:\/\/www.w3.org\/1999\/xlink\"><g><g><path d=\"M86,112H42c-14.336,0-26-11.663-26-26V42c0-14.337,11.664-26,26-26h44c14.337,0,26,11.663,26,26v44 C112,100.337,100.337,112,86,112z M42,24c-9.925,0-18,8.074-18,18v44c0,9.925,8.075,18,18,18h44c9.926,0,18-8.075,18-18V42 c0-9.926-8.074-18-18-18H42z\" fill=\"#fff\"><\/path><\/g><g><path d=\"M64,88c-13.234,0-24-10.767-24-24c0-13.234,10.766-24,24-24s24,10.766,24,24C88,77.233,77.234,88,64,88z M64,48c-8.822,0-16,7.178-16,16s7.178,16,16,16c8.822,0,16-7.178,16-16S72.822,48,64,48z\" fill=\"#fff\"><\/path><\/g><g><circle cx=\"89.5\" cy=\"38.5\" fill=\"#fff\" r=\"5.5\"><\/circle><\/g><\/g><\/svg><\/span><span class=\"heateor_sss_square_count heateor_sss_instagram_count\">&nbsp;<\/span><\/a><a aria-label=\"Whatsapp\" class=\"heateor_sss_whatsapp\" href=\"https:\/\/api.whatsapp.com\/send?text=Quienes%20Somos%20https%3A%2F%2Fchatbct.blog%2Findex.php%2Fwho-we-are%2F\" title=\"Whatsapp\" rel=\"nofollow noopener\" target=\"_blank\" style=\"font-size:32px!important;box-shadow:none;display:inline-block;vertical-align:middle\"><span class=\"heateor_sss_svg\" style=\"background-color:#55eb4c;width:35px;height:35px;border-radius:999px;display:inline-block;opacity:1;float:left;font-size:32px;box-shadow:none;display:inline-block;font-size:16px;padding:0 4px;vertical-align:middle;background-repeat:repeat;overflow:hidden;padding:0;cursor:pointer;box-sizing:content-box\"><svg style=\"display:block;border-radius:999px;\" focusable=\"false\" aria-hidden=\"true\" xmlns=\"http:\/\/www.w3.org\/2000\/svg\" width=\"100%\" height=\"100%\" viewBox=\"-6 -5 40 40\"><path class=\"heateor_sss_svg_stroke heateor_sss_no_fill\" stroke=\"#fff\" stroke-width=\"2\" fill=\"none\" d=\"M 11.579798566743314 24.396926207859085 A 10 10 0 1 0 6.808479557110079 20.73576436351046\"><\/path><path d=\"M 7 19 l -1 6 l 6 -1\" class=\"heateor_sss_no_fill heateor_sss_svg_stroke\" stroke=\"#fff\" stroke-width=\"2\" fill=\"none\"><\/path><path d=\"M 10 10 q -1 8 8 11 c 5 -1 0 -6 -1 -3 q -4 -3 -5 -5 c 4 -2 -1 -5 -1 -4\" fill=\"#fff\"><\/path><\/svg><\/span><span class=\"heateor_sss_square_count heateor_sss_whatsapp_count\">&nbsp;<\/span><\/a><a class=\"heateor_sss_more\" aria-label=\"More\" title=\"More\" rel=\"nofollow noopener\" style=\"font-size: 32px!important;border:0;box-shadow:none;display:inline-block!important;font-size:16px;padding:0 4px;vertical-align: middle;display:inline;\" href=\"https:\/\/chatbct.blog\/index.php\/who-we-are\/\" onclick=\"event.preventDefault()\"><span class=\"heateor_sss_square_count\">&nbsp;<\/span><span class=\"heateor_sss_svg\" style=\"background-color:#ee8e2d;width:35px;height:35px;border-radius:999px;display:inline-block!important;opacity:1;float:left;font-size:32px!important;box-shadow:none;display:inline-block;font-size:16px;padding:0 4px;vertical-align:middle;display:inline;background-repeat:repeat;overflow:hidden;padding:0;cursor:pointer;box-sizing:content-box;\" onclick=\"heateorSssMoreSharingPopup(this, 'https:\/\/chatbct.blog\/index.php\/who-we-are\/', 'Quienes%20Somos', '' )\"><svg xmlns=\"http:\/\/www.w3.org\/2000\/svg\" xmlns:xlink=\"http:\/\/www.w3.org\/1999\/xlink\" viewBox=\"-.3 0 32 32\" version=\"1.1\" width=\"100%\" height=\"100%\" style=\"display:block;border-radius:999px;\" xml:space=\"preserve\"><g><path fill=\"#fff\" d=\"M18 14V8h-4v6H8v4h6v6h4v-6h6v-4h-6z\" fill-rule=\"evenodd\"><\/path><\/g><\/svg><\/span><\/a><a style=\"font-size:32px!important;box-shadow: none;display: inline-block!important;font-size: 16px;padding: 0 4px;vertical-align: middle;display:inline;\" class=\"heateorSssSharingRound\"><span class=\"heateor_sss_square_count\">&nbsp;<\/span><div style=\"width:35px;height:35px;border-radius:999px;margin-left:9px !important;\" title=\"Total Shares\" class=\"heateorSssSharing heateorSssTCBackground\"><\/div><\/a><\/div><div class=\"heateorSssClear\"><\/div><\/div><div class='heateorSssClear'><\/div><p>Quienes Somos Somos la divisi\u00f3n de IA de Apoyo.pro VLHC, una consultor\u00eda especializada en Inteligencia Artificial Generativa, ofreciendo soluciones innovadoras para impulsar tu negocio. Servicios Impartimos talleres para el uso de ChatGPT, una poderosa herramienta de inteligencia artificial generativa que puede transformar la forma en que interact\u00faas con tus clientes. Creamos canales digitales en plataformas &#8230; <\/p>\n<p class=\"read-more-container\"><a title=\"Quienes Somos\" class=\"read-more button\" href=\"https:\/\/chatbct.blog\/index.php\/who-we-are\/#more-975\" aria-label=\"Read more about Quienes Somos\">Read more<\/a><\/p>\n","protected":false},"author":1,"featured_media":0,"parent":0,"menu_order":0,"comment_status":"closed","ping_status":"closed","template":"","meta":{"om_disable_all_campaigns":false,"_monsterinsights_skip_tracking":false,"_monsterinsights_sitenote_active":false,"_monsterinsights_sitenote_note":"","_monsterinsights_sitenote_category":0,"footnotes":""},"aioseo_notices":[],"_links":{"self":[{"href":"https:\/\/chatbct.blog\/index.php\/wp-json\/wp\/v2\/pages\/975"}],"collection":[{"href":"https:\/\/chatbct.blog\/index.php\/wp-json\/wp\/v2\/pages"}],"about":[{"href":"https:\/\/chatbct.blog\/index.php\/wp-json\/wp\/v2\/types\/page"}],"author":[{"embeddable":true,"href":"https:\/\/chatbct.blog\/index.php\/wp-json\/wp\/v2\/users\/1"}],"replies":[{"embeddable":true,"href":"https:\/\/chatbct.blog\/index.php\/wp-json\/wp\/v2\/comments?post=975"}],"version-history":[{"count":5,"href":"https:\/\/chatbct.blog\/index.php\/wp-json\/wp\/v2\/pages\/975\/revisions"}],"predecessor-version":[{"id":1225,"href":"https:\/\/chatbct.blog\/index.php\/wp-json\/wp\/v2\/pages\/975\/revisions\/1225"}],"wp:attachment":[{"href":"https:\/\/chatbct.blog\/index.php\/wp-json\/wp\/v2\/media?parent=975"}],"curies":[{"name":"wp","href":"https:\/\/api.w.org\/{rel}","templated":true}]}}